{"id":162,"date":"2022-07-24T10:46:05","date_gmt":"2022-07-24T08:46:05","guid":{"rendered":"http:\/\/whw.local\/?page_id=162"},"modified":"2024-09-20T08:05:11","modified_gmt":"2024-09-20T06:05:11","slug":"sto-kako-za-koga-whw","status":"publish","type":"page","link":"https:\/\/www.whw.hr\/o-nama\/sto-kako-za-koga-whw\/","title":{"rendered":"What, How & for Whom \/ WHW"},"content":{"rendered":"<p><strong>What, How &amp; for Whom\/WHW<\/strong> (established in Zagreb in 1999) is a curatorial collective based in Zagreb and Berlin, whose members are <strong>Ivet \u0106urlin, Ana Devi\u0107, Nata\u0161a Ili\u0107<\/strong> and <strong>Sabina Sabolovi\u0107<\/strong>, along with designer and publicist <strong>Dejan Kr\u0161i\u0107<\/strong>.<\/p>\n<p>In 2018 WHW collective launched an independent international study program for emerging artists called <a href=\"https:\/\/akademija.whw.hr\/about\">WHW Akademija<\/a>, based in Zagreb.<\/p>\n<p>From 2003 &#8211; 2023 WHW was running the program of Gallery Nova, a city-owned gallery in Zagreb. From June 2019 to June 2024 members of the collective Ivet \u0106urlin, Nata\u0161a Ili\u0107 and Sabina Sabolovi\u0107 were Artistic Directors of Kunsthalle Wien. In that period, on behalf of the collective Ana Devi\u0107 was running WHW\u2019s Zagreb-based programs: WHW Akademija and Gallery Nova. In August 2024, Ivet \u0106urlin, Nata\u0161a Ili\u0107 and Sabina Sabolovi\u0107 were appointed as Artistic Directors of the next edition of Skulptur Projekte M\u00fcnster, to be held in 2027.<\/p>\n<p>Zagreb WHW team also consists of curator <strong>Ana Kova\u010di\u0107<\/strong> and financial and EU project manager <strong>Gordana Bori\u0107<\/strong>.<\/p>\n<p>&nbsp;<\/p>\n<p>Among international projects of the collective are:<\/p>\n<p><a href=\"https:\/\/www.whw.hr\/en\/programme\/collective-creativity\/\" target=\"_blank\" rel=\"noopener\"><em>Collective Creativity, <\/em>Kunsthalle Fridericianum, Kassel, 2005<\/a>;<\/p>\n<p><a href=\"https:\/\/www.whw.hr\/en\/programme\/what-keeps-mankind-alive-11-istanbulski-bijenale\/\" target=\"_blank\" rel=\"noopener\">11th Istanbul Biennial <em>What Keeps Mankind Alive?,<\/em> Istanbul, 2009<\/a>;<\/p>\n<p><a href=\"https:\/\/www.whw.hr\/en\/programme\/croatian-pavilion-gotovac-badco-whw\/\" target=\"_blank\" rel=\"noopener\"><em>One Needs to Live Self-Confidently\u2026 Watching<\/em>, Croatian pavilion at 54<sup>th<\/sup> Venice Biennial, 2011<\/a>;<\/p>\n<p><a href=\"https:\/\/www.whw.hr\/en\/programme\/meeting-points-7-eng\/\" target=\"_blank\" rel=\"noopener\"><em>Ten thousand wiles and a hundred thousand tricks<\/em> \u2014 festival <em>Meeting Points 7<\/em> held in Zagreb, Antwerp, Cairo, Hong Kong, Beirut, Vienna and Moscow, 2013\/2014<\/a>;<\/p>\n<p><a href=\"https:\/\/www.whw.hr\/en\/programme\/really-useful-knowledge-eng\/\" target=\"_blank\" rel=\"noopener\"><em>Really Useful Knowledge<\/em>, Museo Nacional Centro de Arte Reina Sofia, Madrid, 2014<\/a>;<\/p>\n<p><a href=\"https:\/\/www.whw.hr\/en\/programme\/david-maljkovic-retrospective-by-appointment\/\" target=\"_blank\" rel=\"noopener\">David <em>Maljkovi\u0107: A Retrospective by Appointment<\/em>, Gallery Nova, various locations in Zagreb, 2015<\/a>;<\/p>\n<p><a href=\"https:\/\/www.whw.hr\/en\/programme\/everything-we-see-could-also-be-otherwise-my-sweet-little-lamb-eng\/\" target=\"_blank\" rel=\"noopener\"><em>My sweet little lamb (Everything we see could also be otherwise)<\/em><\/a>, a series of exhibitions that took place in Zagreb in 2016 and 2017, and in London 2017, curated in collaboration with Kathrin Rhomberg, and with Emily Pethick in London;<\/p>\n<p><em>I\u00b4ll open the door straight dead into the fire<\/em>, State of Concept, Athens; Gallery Nova, Zagreb, 2019;<\/p>\n<p><a href=\"https:\/\/www.whw.hr\/en\/programme\/zelimir-zilnik-shadow-citizens-wien\/\" target=\"_blank\" rel=\"noopener\"><em>\u017delimir \u017dilnik:<\/em> <em>Shadow Citizens, <\/em><\/a>Edith-Russ-Haus, Oldenburg, 2018; Gallery Nova, 2018, Kunsthalle Wien, Vienna, 2020,<\/p>\n<p><a href=\"https:\/\/www.whw.hr\/en\/programme\/of-bread-wine-cars-security-and-peace\/\" target=\"_blank\" rel=\"noopener\"><em>\u2026 of bread, wine, cars, security and peace<\/em>, Kunsthalle Wien, Vienna, 2020.<\/a><\/p>\n","protected":false},"excerpt":{"rendered":"<p>What, How &#038; for Whom\/WHW (established in Zagreb in 1999) is a curatorial collective based in Zagreb and Berlin, whose members are Ivet \u0106urlin, Ana Devi\u0107, Nata\u0161a Ili\u0107 and Sabina Sabolovi\u0107, along with designer and publicist Dejan Kr\u0161i\u0107.<\/p>\n","protected":false},"author":1,"featured_media":0,"parent":13,"menu_order":101,"comment_status":"closed","ping_status":"closed","template":"template-about.php","meta":{"footnotes":""},"class_list":["post-162","page","type-page","status-publish","hentry"],"acf":[],"yoast_head":"<!-- This site is optimized with the Yoast SEO plugin v19.14 - https:\/\/yoast.com\/wordpress\/plugins\/seo\/ -->\n<title>What, How &amp; for Whom \/ WHW<\/title>\n<meta name=\"description\" content=\"What, How &amp; for Whom\/WHW (established in Zagreb in 1999) is a curatorial collective based in Zagreb and Berlin, whose members are Ivet \u0106urlin, Ana Devi\u0107, Nata\u0161a Ili\u0107 and Sabina Sabolovi\u0107, along with designer and publicist Dejan Kr\u0161i\u0107.\" \/>\n<meta name=\"robots\" content=\"index, follow, max-snippet:-1, max-image-preview:large, max-video-preview:-1\" \/>\n<link rel=\"canonical\" href=\"https:\/\/www.whw.hr\/o-nama\/sto-kako-za-koga-whw\/\" \/>\n<meta property=\"og:locale\" content=\"en_US\" \/>\n<meta property=\"og:type\" content=\"article\" \/>\n<meta property=\"og:title\" content=\"What, How &amp; for Whom \/ WHW\" \/>\n<meta property=\"og:description\" content=\"What, How &amp; for Whom\/WHW (established in Zagreb in 1999) is a curatorial collective based in Zagreb and Berlin, whose members are Ivet \u0106urlin, Ana Devi\u0107, Nata\u0161a Ili\u0107 and Sabina Sabolovi\u0107, along with designer and publicist Dejan Kr\u0161i\u0107.\" \/>\n<meta property=\"og:url\" content=\"https:\/\/www.whw.hr\/o-nama\/sto-kako-za-koga-whw\/\" \/>\n<meta property=\"og:site_name\" content=\"whw\" \/>\n<meta property=\"article:publisher\" content=\"https:\/\/www.facebook.com\/galerijanova\" \/>\n<meta property=\"article:modified_time\" content=\"2024-09-20T06:05:11+00:00\" \/>\n<meta name=\"twitter:card\" content=\"summary_large_image\" \/>\n<meta name=\"twitter:label1\" content=\"Est. reading time\" \/>\n\t<meta name=\"twitter:data1\" content=\"2 minutes\" \/>\n<script type=\"application\/ld+json\" class=\"yoast-schema-graph\">{\"@context\":\"https:\/\/schema.org\",\"@graph\":[{\"@type\":\"WebPage\",\"@id\":\"https:\/\/www.whw.hr\/o-nama\/sto-kako-za-koga-whw\/\",\"url\":\"https:\/\/www.whw.hr\/o-nama\/sto-kako-za-koga-whw\/\",\"name\":\"\u0160to, kako & za koga \/ WHW &ndash; whw\",\"isPartOf\":{\"@id\":\"https:\/\/www.whw.hr\/#website\"},\"datePublished\":\"2022-07-24T08:46:05+00:00\",\"dateModified\":\"2024-09-20T06:05:11+00:00\",\"description\":\"\u0160to, kako & za koga\/WHW (osnovan 1999. godine u Zagrebu) je kustoski kolektiv koji djeluje u Zagrebu, Be\u010du i Berlinu, a \u010dije su \u010dlanice kustosice Ivet \u0106urlin, Ana Devi\u0107, Nata\u0161a Ili\u0107 i Sabina Sabolovi\u0107, te dizajner i publicist Dejan Kr\u0161i\u0107.\",\"breadcrumb\":{\"@id\":\"https:\/\/www.whw.hr\/o-nama\/sto-kako-za-koga-whw\/#breadcrumb\"},\"inLanguage\":\"en-US\",\"potentialAction\":[{\"@type\":\"ReadAction\",\"target\":[\"https:\/\/www.whw.hr\/o-nama\/sto-kako-za-koga-whw\/\"]}]},{\"@type\":\"BreadcrumbList\",\"@id\":\"https:\/\/www.whw.hr\/o-nama\/sto-kako-za-koga-whw\/#breadcrumb\",\"itemListElement\":[{\"@type\":\"ListItem\",\"position\":1,\"name\":\"Po\u010detna stranica\",\"item\":\"https:\/\/www.whw.hr\/\"},{\"@type\":\"ListItem\",\"position\":2,\"name\":\"O nama\",\"item\":\"https:\/\/www.whw.hr\/o-nama\/\"},{\"@type\":\"ListItem\",\"position\":3,\"name\":\"\u0160to, kako &#038; za koga \/ WHW\"}]},{\"@type\":\"WebSite\",\"@id\":\"https:\/\/www.whw.hr\/#website\",\"url\":\"https:\/\/www.whw.hr\/\",\"name\":\"whw \/ what, how & for whom\",\"description\":\"what, how & for whom\",\"publisher\":{\"@id\":\"https:\/\/www.whw.hr\/#organization\"},\"alternateName\":\"whw\",\"potentialAction\":[{\"@type\":\"SearchAction\",\"target\":{\"@type\":\"EntryPoint\",\"urlTemplate\":\"https:\/\/www.whw.hr\/?s={search_term_string}\"},\"query-input\":\"required name=search_term_string\"}],\"inLanguage\":\"en-US\"},{\"@type\":\"Organization\",\"@id\":\"https:\/\/www.whw.hr\/#organization\",\"name\":\"whw \/ what, how & for whom\",\"alternateName\":\"whw\",\"url\":\"https:\/\/www.whw.hr\/\",\"logo\":{\"@type\":\"ImageObject\",\"inLanguage\":\"en-US\",\"@id\":\"https:\/\/www.whw.hr\/#\/schema\/logo\/image\/\",\"url\":\"https:\/\/www.whw.hr\/wp-content\/uploads\/2022\/12\/jmm-68-1-2.jpg\",\"contentUrl\":\"https:\/\/www.whw.hr\/wp-content\/uploads\/2022\/12\/jmm-68-1-2.jpg\",\"width\":2000,\"height\":1333,\"caption\":\"whw \/ what, how & for whom\"},\"image\":{\"@id\":\"https:\/\/www.whw.hr\/#\/schema\/logo\/image\/\"},\"sameAs\":[\"https:\/\/www.instagram.com\/whw_what.how.for.whom\/\",\"https:\/\/www.youtube.com\/channel\/UCYplGnLkNqPXZSBaJgv4mZw\",\"https:\/\/www.facebook.com\/galerijanova\"]}]}<\/script>\n<!-- \/ Yoast SEO plugin. -->","yoast_head_json":{"title":"What, How & for Whom \/ WHW","description":"What, How & for Whom\/WHW (established in Zagreb in 1999) is a curatorial collective based in Zagreb and Berlin, whose members are Ivet \u0106urlin, Ana Devi\u0107, Nata\u0161a Ili\u0107 and Sabina Sabolovi\u0107, along with designer and publicist Dejan Kr\u0161i\u0107.","robots":{"index":"index","follow":"follow","max-snippet":"max-snippet:-1","max-image-preview":"max-image-preview:large","max-video-preview":"max-video-preview:-1"},"canonical":"https:\/\/www.whw.hr\/o-nama\/sto-kako-za-koga-whw\/","og_locale":"en_US","og_type":"article","og_title":"What, How & for Whom \/ WHW","og_description":"What, How & for Whom\/WHW (established in Zagreb in 1999) is a curatorial collective based in Zagreb and Berlin, whose members are Ivet \u0106urlin, Ana Devi\u0107, Nata\u0161a Ili\u0107 and Sabina Sabolovi\u0107, along with designer and publicist Dejan Kr\u0161i\u0107.","og_url":"https:\/\/www.whw.hr\/o-nama\/sto-kako-za-koga-whw\/","og_site_name":"whw","article_publisher":"https:\/\/www.facebook.com\/galerijanova","article_modified_time":"2024-09-20T06:05:11+00:00","twitter_card":"summary_large_image","twitter_misc":{"Est. reading time":"2 minutes"},"schema":{"@context":"https:\/\/schema.org","@graph":[{"@type":"WebPage","@id":"https:\/\/www.whw.hr\/o-nama\/sto-kako-za-koga-whw\/","url":"https:\/\/www.whw.hr\/o-nama\/sto-kako-za-koga-whw\/","name":"\u0160to, kako & za koga \/ WHW &ndash; whw","isPartOf":{"@id":"https:\/\/www.whw.hr\/#website"},"datePublished":"2022-07-24T08:46:05+00:00","dateModified":"2024-09-20T06:05:11+00:00","description":"\u0160to, kako & za koga\/WHW (osnovan 1999. godine u Zagrebu) je kustoski kolektiv koji djeluje u Zagrebu, Be\u010du i Berlinu, a \u010dije su \u010dlanice kustosice Ivet \u0106urlin, Ana Devi\u0107, Nata\u0161a Ili\u0107 i Sabina Sabolovi\u0107, te dizajner i publicist Dejan Kr\u0161i\u0107.","breadcrumb":{"@id":"https:\/\/www.whw.hr\/o-nama\/sto-kako-za-koga-whw\/#breadcrumb"},"inLanguage":"en-US","potentialAction":[{"@type":"ReadAction","target":["https:\/\/www.whw.hr\/o-nama\/sto-kako-za-koga-whw\/"]}]},{"@type":"BreadcrumbList","@id":"https:\/\/www.whw.hr\/o-nama\/sto-kako-za-koga-whw\/#breadcrumb","itemListElement":[{"@type":"ListItem","position":1,"name":"Po\u010detna stranica","item":"https:\/\/www.whw.hr\/"},{"@type":"ListItem","position":2,"name":"O nama","item":"https:\/\/www.whw.hr\/o-nama\/"},{"@type":"ListItem","position":3,"name":"\u0160to, kako &#038; za koga \/ WHW"}]},{"@type":"WebSite","@id":"https:\/\/www.whw.hr\/#website","url":"https:\/\/www.whw.hr\/","name":"whw \/ what, how & for whom","description":"what, how & for whom","publisher":{"@id":"https:\/\/www.whw.hr\/#organization"},"alternateName":"whw","potentialAction":[{"@type":"SearchAction","target":{"@type":"EntryPoint","urlTemplate":"https:\/\/www.whw.hr\/?s={search_term_string}"},"query-input":"required name=search_term_string"}],"inLanguage":"en-US"},{"@type":"Organization","@id":"https:\/\/www.whw.hr\/#organization","name":"whw \/ what, how & for whom","alternateName":"whw","url":"https:\/\/www.whw.hr\/","logo":{"@type":"ImageObject","inLanguage":"en-US","@id":"https:\/\/www.whw.hr\/#\/schema\/logo\/image\/","url":"https:\/\/www.whw.hr\/wp-content\/uploads\/2022\/12\/jmm-68-1-2.jpg","contentUrl":"https:\/\/www.whw.hr\/wp-content\/uploads\/2022\/12\/jmm-68-1-2.jpg","width":2000,"height":1333,"caption":"whw \/ what, how & for whom"},"image":{"@id":"https:\/\/www.whw.hr\/#\/schema\/logo\/image\/"},"sameAs":["https:\/\/www.instagram.com\/whw_what.how.for.whom\/","https:\/\/www.youtube.com\/channel\/UCYplGnLkNqPXZSBaJgv4mZw","https:\/\/www.facebook.com\/galerijanova"]}]}},"_links":{"self":[{"href":"https:\/\/www.whw.hr\/wp-json\/wp\/v2\/pages\/162","targetHints":{"allow":["GET"]}}],"collection":[{"href":"https:\/\/www.whw.hr\/wp-json\/wp\/v2\/pages"}],"about":[{"href":"https:\/\/www.whw.hr\/wp-json\/wp\/v2\/types\/page"}],"author":[{"embeddable":true,"href":"https:\/\/www.whw.hr\/wp-json\/wp\/v2\/users\/1"}],"replies":[{"embeddable":true,"href":"https:\/\/www.whw.hr\/wp-json\/wp\/v2\/comments?post=162"}],"version-history":[{"count":25,"href":"https:\/\/www.whw.hr\/wp-json\/wp\/v2\/pages\/162\/revisions"}],"predecessor-version":[{"id":4448,"href":"https:\/\/www.whw.hr\/wp-json\/wp\/v2\/pages\/162\/revisions\/4448"}],"up":[{"embeddable":true,"href":"https:\/\/www.whw.hr\/wp-json\/wp\/v2\/pages\/13"}],"wp:attachment":[{"href":"https:\/\/www.whw.hr\/wp-json\/wp\/v2\/media?parent=162"}],"curies":[{"name":"wp","href":"https:\/\/api.w.org\/{rel}","templated":true}]}}